{"id":135,"date":"2021-05-12T11:36:55","date_gmt":"2021-05-12T11:36:55","guid":{"rendered":"http:\/\/gesfinco.com\/index.php\/home\/"},"modified":"2022-03-11T12:52:07","modified_gmt":"2022-03-11T12:52:07","slug":"home","status":"publish","type":"page","link":"https:\/\/gesfinco.com\/","title":{"rendered":"Home"},"content":{"rendered":"\n<div class=\"wp-block-cover alignfull has-parallax\" style=\"background-image:url(http:\/\/gesfinco.com\/wp-content\/uploads\/2021\/05\/hero-bg.jpg);min-height:966px;aspect-ratio:unset;\"><span aria-hidden=\"true\" class=\"has-ast-global-color-2-background-color has-background-dim-90 wp-block-cover__gradient-background has-background-dim\"><\/span><div class=\"wp-block-cover__inner-container is-layout-flow wp-block-cover-is-layout-flow\">\n<h1 class=\"has-text-align-left has-white-color has-text-color wp-block-heading\">GESFINCO es tu aliado de Confianza<\/h1>\n\n\n\n<p>Si est\u00e1 buscando una compa\u00f1\u00eda que lo ayude con las asesor\u00edas como servicios de apoyo administrativo , Has venido al lugar correcto. Podemos ayudarte a llevar tu empresa al siguiente nivel.<\/p>\n\n\n\n<div class=\"wp-block-buttons is-horizontal is-content-justification-center is-layout-flex wp-container-core-buttons-is-layout-499968f5 wp-block-buttons-is-layout-flex\">\n<div class=\"wp-block-button is-style-fill\"><a class=\"wp-block-button__link\" href=\"mailto:gerencia@gesfinco.com?Subject=Interesado%20en%20gesfinco%20sas\">Contactar por correo<\/a><\/div>\n<\/div>\n<\/div><\/div>\n\n\n\n<div class=\"wp-block-group alignfull has-ast-global-color-5-background-color has-background is-layout-constrained wp-block-group-is-layout-constrained\"><div class=\"wp-block-group__inner-container\">\n<div class=\"wp-block-columns is-layout-flex wp-container-core-columns-is-layout-9d6595d7 wp-block-columns-is-layout-flex\">\n<div class=\"wp-block-column is-layout-flow wp-block-column-is-layout-flow\"><\/div>\n\n\n\n<div class=\"wp-block-column is-layout-flow wp-block-column-is-layout-flow\"><\/div>\n<\/div>\n<\/div><\/div>\n\n\n\n<div class=\"wp-block-group alignfull has-ast-global-color-0-background-color has-background is-layout-constrained wp-block-group-is-layout-constrained\"><div class=\"wp-block-group__inner-container\">\n<div class=\"wp-block-media-text alignwide has-media-on-the-right is-stacked-on-mobile\" style=\"grid-template-columns:auto 40%\"><figure class=\"wp-block-media-text__media\"><img loading=\"lazy\" decoding=\"async\" width=\"600\" height=\"720\" src=\"http:\/\/gesfinco.com\/wp-content\/uploads\/2021\/05\/about.jpg\" alt=\"\" class=\"wp-image-47 size-full\" srcset=\"https:\/\/gesfinco.com\/wp-content\/uploads\/2021\/05\/about.jpg 600w, https:\/\/gesfinco.com\/wp-content\/uploads\/2021\/05\/about-250x300.jpg 250w\" sizes=\"auto, (max-width: 600px) 100vw, 600px\" \/><\/figure><div class=\"wp-block-media-text__content\">\n<h2 class=\"wp-block-heading\">Nosotros<\/h2>\n\n\n\n<p>GESFINCO S.A.S. es una Sociedad por acciones simplificada, constituida el 14 de abril de 2014 bajo la matricula 02440677.\u00a0 Contamos con un amplio portafolio de servicios para empresas legalmente constituidas que necesiten asesor\u00eda que le ayuden a desarrollar sus labores administrativas con eficiencia, adem\u00e1s contamos un personal profesional calificado que lo acercaremos para que lo asesoren de forma independiente<\/p>\n\n\n\n<h4 class=\"wp-block-heading\">Mision.<\/h4>\n\n\n\n<p><br>Proporcionar servicios de consultor\u00eda estrat\u00e9gica y de gesti\u00f3n que, contribuyendo a la innovaci\u00f3n y desarrollo de las organizaciones, satisfagan sus necesidades y expectativas, as\u00ed como las del conjunto de personas que trabajan de forma independiente en la organizaci\u00f3n para lograr sus objetivos administrativos y operativos.<\/p>\n\n\n\n<h4 class=\"wp-block-heading\">Vision.<\/h4>\n\n\n\n<p><br><\/p>\n\n\n\n<p>\u2022 Ser referencia en el sector de consultor\u00eda, caracterizada por fomentar e implantar sistemas avanzados en gesti\u00f3n.<br>\u2022 Ser reconocida por su mentalidad de servicio al cliente y por la profesionalidad de sus consultores.<\/p>\n<\/div><\/div>\n<\/div><\/div>\n\n\n\n<div class=\"wp-block-group alignfull has-ast-global-color-5-background-color has-background is-layout-constrained wp-block-group-is-layout-constrained\"><div class=\"wp-block-group__inner-container\">\n<h2 class=\"has-text-align-center wp-block-heading\">Somos su mejor opci\u00f3n <\/h2>\n\n\n\n<figure class=\"wp-block-gallery aligncenter has-nested-images columns-4 wp-block-gallery-1 is-layout-flex wp-block-gallery-is-layout-flex\">\n<figure class=\"wp-block-image size-full is-style-rounded\"><img loading=\"lazy\" decoding=\"async\" width=\"500\" height=\"500\" data-id=\"1411\" src=\"http:\/\/gesfinco.com\/wp-content\/uploads\/2022\/03\/GESFINCO-1-1.gif\" alt=\"\" class=\"wp-image-1411\"\/><\/figure>\n<\/figure>\n<\/div><\/div>\n\n\n\n<div class=\"wp-block-group alignfull has-ast-global-color-5-background-color has-background is-layout-constrained wp-block-group-is-layout-constrained\"><div class=\"wp-block-group__inner-container\">\n<h2 class=\"has-text-align-left wp-block-heading\"><\/h2>\n\n\n\n<p><\/p>\n\n\n\n<p><\/p>\n<\/div><\/div>\n\n\n\n<div class=\"wp-block-group alignfull has-ast-global-color-2-background-color has-background is-layout-constrained wp-block-group-is-layout-constrained\"><div class=\"wp-block-group__inner-container\">\n<div class=\"wp-block-media-text alignwide has-media-on-the-right is-stacked-on-mobile has-ast-global-color-0-background-color has-background\" style=\"grid-template-columns:auto 66%\"><figure class=\"wp-block-media-text__media\"><img loading=\"lazy\" decoding=\"async\" width=\"775\" height=\"547\" src=\"http:\/\/gesfinco.com\/wp-content\/uploads\/2021\/05\/cta-img.jpg\" alt=\"\" class=\"wp-image-69 size-full\" srcset=\"https:\/\/gesfinco.com\/wp-content\/uploads\/2021\/05\/cta-img.jpg 775w, https:\/\/gesfinco.com\/wp-content\/uploads\/2021\/05\/cta-img-300x212.jpg 300w, https:\/\/gesfinco.com\/wp-content\/uploads\/2021\/05\/cta-img-768x542.jpg 768w, https:\/\/gesfinco.com\/wp-content\/uploads\/2021\/05\/cta-img-600x423.jpg 600w\" sizes=\"auto, (max-width: 775px) 100vw, 775px\" \/><\/figure><div class=\"wp-block-media-text__content\">\n<div class=\"wp-block-group is-layout-constrained wp-block-group-is-layout-constrained\"><div class=\"wp-block-group__inner-container\">\n<h3 class=\"wp-block-heading\">NESECITA  ALGUN SERVICIO ?<\/h3>\n\n\n\n<p>No dude en contactarnos .<\/p>\n\n\n\n<div class=\"wp-block-buttons is-layout-flex wp-block-buttons-is-layout-flex\">\n<div class=\"wp-block-button is-style-outline is-style-outline--2\"><a class=\"wp-block-button__link\" href=\"https:\/\/wa.me\/573143355588\" target=\"_blank\" rel=\"noreferrer noopener\">contacto!<\/a><\/div>\n<\/div>\n<\/div><\/div>\n<\/div><\/div>\n<\/div><\/div>\n\n\n\n<div class=\"wp-block-group alignfull has-ast-global-color-2-background-color has-background is-layout-constrained wp-block-group-is-layout-constrained\"><div class=\"wp-block-group__inner-container\">\n<div class=\"wp-block-columns are-vertically-aligned-center is-layout-flex wp-container-core-columns-is-layout-9d6595d7 wp-block-columns-is-layout-flex\">\n<div class=\"wp-block-column is-vertically-aligned-center is-layout-flow wp-block-column-is-layout-flow\">\n<h2 class=\"has-white-color has-text-color wp-block-heading\">Hagamos negocios <\/h2>\n<\/div>\n\n\n\n<div class=\"wp-block-column is-vertically-aligned-center is-layout-flow wp-block-column-is-layout-flow\">\n<p class=\"has-text-color\" style=\"color:#a4adb2\">Cuando se conecta con nosotros, no est\u00e1 haciendo crecer su negocio solo. Te respaldamos y ponemos nuestro mejor esfuerzo para contribuir al crecimiento de todo tu equipo y organizaci\u00f3n. Entonces, si est\u00e1 buscando la agencia adecuada que lo ayude a construir una buena presencia en l\u00ednea y generar m\u00e1s conversiones e ingresos, \u00a1estamos aqu\u00ed!<\/p>\n<\/div>\n<\/div>\n<\/div><\/div>\n\n\n\n<div class=\"wp-block-group alignfull has-ast-global-color-5-background-color has-background is-layout-constrained wp-block-group-is-layout-constrained\"><div class=\"wp-block-group__inner-container\">\n<div class=\"wp-block-columns is-layout-flex wp-container-core-columns-is-layout-9d6595d7 wp-block-columns-is-layout-flex\">\n<div class=\"wp-block-column is-layout-flow wp-block-column-is-layout-flow\">\n<h2 class=\"wp-block-heading\"><\/h2>\n<\/div>\n\n\n\n<div class=\"wp-block-column is-vertically-aligned-center is-layout-flow wp-block-column-is-layout-flow\">\n<p><a href=\"http:\/\/gesfinco.com\/wp-content\/uploads\/2021\/05\/gallery-1.jpg\"><\/a><\/p>\n<\/div>\n<\/div>\n\n\n\n<div class=\"wp-block-columns is-layout-flex wp-container-core-columns-is-layout-9d6595d7 wp-block-columns-is-layout-flex\">\n<div class=\"wp-block-column is-layout-flow wp-block-column-is-layout-flow\">\n<figure class=\"wp-block-image size-large\"><img loading=\"lazy\" decoding=\"async\" width=\"758\" height=\"758\" src=\"http:\/\/gesfinco.com\/wp-content\/uploads\/2021\/05\/gallery-1.jpg\" alt=\"\" class=\"wp-image-75\" srcset=\"https:\/\/gesfinco.com\/wp-content\/uploads\/2021\/05\/gallery-1.jpg 758w, https:\/\/gesfinco.com\/wp-content\/uploads\/2021\/05\/gallery-1-300x300.jpg 300w, https:\/\/gesfinco.com\/wp-content\/uploads\/2021\/05\/gallery-1-150x150.jpg 150w, https:\/\/gesfinco.com\/wp-content\/uploads\/2021\/05\/gallery-1-600x600.jpg 600w, https:\/\/gesfinco.com\/wp-content\/uploads\/2021\/05\/gallery-1-100x100.jpg 100w\" sizes=\"auto, (max-width: 758px) 100vw, 758px\" \/><\/figure>\n<\/div>\n\n\n\n<div class=\"wp-block-column is-layout-flow wp-block-column-is-layout-flow\">\n<figure class=\"wp-block-image size-large\"><img loading=\"lazy\" decoding=\"async\" width=\"758\" height=\"758\" src=\"http:\/\/gesfinco.com\/wp-content\/uploads\/2021\/05\/gallery-2.jpg\" alt=\"\" class=\"wp-image-76\" srcset=\"https:\/\/gesfinco.com\/wp-content\/uploads\/2021\/05\/gallery-2.jpg 758w, https:\/\/gesfinco.com\/wp-content\/uploads\/2021\/05\/gallery-2-300x300.jpg 300w, https:\/\/gesfinco.com\/wp-content\/uploads\/2021\/05\/gallery-2-150x150.jpg 150w, https:\/\/gesfinco.com\/wp-content\/uploads\/2021\/05\/gallery-2-600x600.jpg 600w, https:\/\/gesfinco.com\/wp-content\/uploads\/2021\/05\/gallery-2-100x100.jpg 100w\" sizes=\"auto, (max-width: 758px) 100vw, 758px\" \/><\/figure>\n<\/div>\n\n\n\n<div class=\"wp-block-column is-layout-flow wp-block-column-is-layout-flow\">\n<figure class=\"wp-block-image size-large\"><img loading=\"lazy\" decoding=\"async\" width=\"758\" height=\"758\" src=\"http:\/\/gesfinco.com\/wp-content\/uploads\/2021\/05\/gallery-3.jpg\" alt=\"\" class=\"wp-image-77\" srcset=\"https:\/\/gesfinco.com\/wp-content\/uploads\/2021\/05\/gallery-3.jpg 758w, https:\/\/gesfinco.com\/wp-content\/uploads\/2021\/05\/gallery-3-300x300.jpg 300w, https:\/\/gesfinco.com\/wp-content\/uploads\/2021\/05\/gallery-3-150x150.jpg 150w, https:\/\/gesfinco.com\/wp-content\/uploads\/2021\/05\/gallery-3-600x600.jpg 600w, https:\/\/gesfinco.com\/wp-content\/uploads\/2021\/05\/gallery-3-100x100.jpg 100w\" sizes=\"auto, (max-width: 758px) 100vw, 758px\" \/><\/figure>\n<\/div>\n<\/div>\n<\/div><\/div>\n\n\n\n<div class=\"wp-block-group alignfull has-ast-global-color-0-background-color has-background is-layout-constrained wp-block-group-is-layout-constrained\"><div class=\"wp-block-group__inner-container\">\n<div class=\"wp-block-columns is-layout-flex wp-container-core-columns-is-layout-9d6595d7 wp-block-columns-is-layout-flex\">\n<div class=\"wp-block-column is-vertically-aligned-center is-layout-flow wp-block-column-is-layout-flow\" style=\"flex-basis:33.33%\"><\/div>\n\n\n\n<div class=\"wp-block-column is-layout-flow wp-block-column-is-layout-flow\" style=\"flex-basis:66.66%\">\n<\/div>\n<\/div>\n<\/div><\/div>\n","protected":false},"excerpt":{"rendered":"<p>Nosotros GESFINCO S.A.S. es una Sociedad por acciones simplificada, constituida el 14 de abril de 2014 bajo la matricula 02440677.\u00a0 Contamos con un amplio portafolio de servicios para empresas legalmente constituidas que necesiten asesor\u00eda que le ayuden a desarrollar sus labores administrativas con eficiencia, adem\u00e1s contamos un personal profesional calificado que lo acercaremos para que &hellip;<\/p>\n<p class=\"read-more\"> <a class=\"\" href=\"https:\/\/gesfinco.com\/\"> <span class=\"screen-reader-text\">Home<\/span> Leer m\u00e1s &raquo;<\/a><\/p>\n","protected":false},"author":1,"featured_media":1411,"parent":0,"menu_order":0,"comment_status":"closed","ping_status":"closed","template":"","meta":{"om_disable_all_campaigns":true,"_monsterinsights_skip_tracking":false,"_monsterinsights_sitenote_active":false,"_monsterinsights_sitenote_note":"","_monsterinsights_sitenote_category":0,"site-sidebar-layout":"no-sidebar","site-content-layout":"plain-container","ast-main-header-display":"","ast-hfb-above-header-display":"","ast-hfb-below-header-display":"","ast-hfb-mobile-header-display":"","site-post-title":"disabled","ast-breadcrumbs-content":"","ast-featured-img":"disabled","footer-sml-layout":"","theme-transparent-header-meta":"enabled","adv-header-id-meta":"","stick-header-meta":"","header-above-stick-meta":"","header-main-stick-meta":"","header-below-stick-meta":"","footnotes":""},"class_list":["post-135","page","type-page","status-publish","has-post-thumbnail","hentry"],"_links":{"self":[{"href":"https:\/\/gesfinco.com\/index.php\/wp-json\/wp\/v2\/pages\/135","targetHints":{"allow":["GET"]}}],"collection":[{"href":"https:\/\/gesfinco.com\/index.php\/wp-json\/wp\/v2\/pages"}],"about":[{"href":"https:\/\/gesfinco.com\/index.php\/wp-json\/wp\/v2\/types\/page"}],"author":[{"embeddable":true,"href":"https:\/\/gesfinco.com\/index.php\/wp-json\/wp\/v2\/users\/1"}],"replies":[{"embeddable":true,"href":"https:\/\/gesfinco.com\/index.php\/wp-json\/wp\/v2\/comments?post=135"}],"version-history":[{"count":16,"href":"https:\/\/gesfinco.com\/index.php\/wp-json\/wp\/v2\/pages\/135\/revisions"}],"predecessor-version":[{"id":1443,"href":"https:\/\/gesfinco.com\/index.php\/wp-json\/wp\/v2\/pages\/135\/revisions\/1443"}],"wp:featuredmedia":[{"embeddable":true,"href":"https:\/\/gesfinco.com\/index.php\/wp-json\/wp\/v2\/media\/1411"}],"wp:attachment":[{"href":"https:\/\/gesfinco.com\/index.php\/wp-json\/wp\/v2\/media?parent=135"}],"curies":[{"name":"wp","href":"https:\/\/api.w.org\/{rel}","templated":true}]}}